{"id":5806,"date":"2022-08-26T13:57:04","date_gmt":"2022-08-26T13:57:04","guid":{"rendered":"https:\/\/adventureminigolf.si\/en\/?page_id=5806"},"modified":"2023-02-06T09:58:05","modified_gmt":"2023-02-06T09:58:05","slug":"lokacija","status":"publish","type":"page","link":"https:\/\/adventureminigolf.si\/sl\/lokacija\/","title":{"rendered":"Lokacija"},"content":{"rendered":"<div  class=\"one withsmallpadding ppb_text\" style=\"padding:30px 0 30px 0;\" >\n<div class=\"standard_wrapper\">\n<div class=\"page_content_wrapper\">\n<div class=\"inner\">\n<div style=\"margin:auto;width:100%\">\n<h3 style=\"text-align: center;\">Nahajamo se na hribu blizu Radovljice, igri\u0161\u010de je skrito v gozdu in ponuja odli\u010dne razglede na okoli\u0161ke hribe.<\/h3>\n<\/div>\n<\/div>\n<\/div>\n<\/div>\n<\/div>\n<div  class=\"one withsmallpadding ppb_text\" style=\"padding:30px 0 30px 0;\" >\n<div class=\"standard_wrapper\">\n<div class=\"page_content_wrapper\">\n<div class=\"inner\">\n<div style=\"margin:auto;width:100%\">\n<h3 style=\"text-align: center;\">Nahajamo se na hribu blizu Radovljice, igri\u0161\u010de je skrito v gozdu in ponuja odli\u010dne razglede na okoli\u0161ke hribe.<\/h3>\n<\/div>\n<\/div>\n<\/div>\n<\/div>\n<\/div>\n<div  class=\"one withsmallpadding ppb_text\" style=\"padding:30px 0 30px 0;\" >\n<div class=\"standard_wrapper\">\n<div class=\"page_content_wrapper\">\n<div class=\"inner\">\n<div style=\"margin:auto;width:100%\">\n<h3 style=\"text-align: center;\">Nahajamo se na hribu blizu Radovljice, igri\u0161\u010de je skrito v gozdu in ponuja odli\u010dne razglede na okoli\u0161ke hribe.<\/h3>\n<\/div>\n<\/div>\n<\/div>\n<\/div>\n<\/div>\n<div  class=\"one withsmallpadding ppb_text\" style=\"padding:30px 0 30px 0;\" >\n<div class=\"standard_wrapper\">\n<div class=\"page_content_wrapper\">\n<div class=\"inner\">\n<div style=\"margin:auto;width:100%\">\n<h3 style=\"text-align: center;\">Nahajamo se na hribu blizu Radovljice, igri\u0161\u010de je skrito v gozdu in ponuja odli\u010dne razglede na okoli\u0161ke hribe.<\/h3>\n<\/div>\n<\/div>\n<\/div>\n<\/div>\n<\/div>\n","protected":false},"excerpt":{"rendered":"","protected":false},"author":1,"featured_media":0,"parent":0,"menu_order":0,"comment_status":"closed","ping_status":"closed","template":"","meta":{"_monsterinsights_skip_tracking":false,"_monsterinsights_sitenote_active":false,"_monsterinsights_sitenote_note":"","_monsterinsights_sitenote_category":0,"footnotes":""},"class_list":["post-5806","page","type-page","status-publish","hentry"],"yoast_head":"<!-- This site is optimized with the Yoast SEO plugin v24.6 - https:\/\/yoast.com\/wordpress\/plugins\/seo\/ -->\n<title>Lokacija - Adventure Mini Golf Panorama<\/title>\n<meta name=\"robots\" content=\"index, follow, max-snippet:-1, max-image-preview:large, max-video-preview:-1\" \/>\n<link rel=\"canonical\" href=\"https:\/\/adventureminigolf.si\/sl\/lokacija\/\" \/>\n<meta property=\"og:locale\" content=\"sl_SI\" \/>\n<meta property=\"og:type\" content=\"article\" \/>\n<meta property=\"og:title\" content=\"Lokacija - Adventure Mini Golf Panorama\" \/>\n<meta property=\"og:url\" content=\"https:\/\/adventureminigolf.si\/sl\/lokacija\/\" \/>\n<meta property=\"og:site_name\" content=\"Adventure Mini Golf Panorama\" \/>\n<meta property=\"article:modified_time\" content=\"2023-02-06T09:58:05+00:00\" \/>\n<meta name=\"twitter:card\" content=\"summary_large_image\" \/>\n<meta name=\"twitter:label1\" content=\"Est. reading time\" \/>\n\t<meta name=\"twitter:data1\" content=\"1 minuta\" \/>\n<script type=\"application\/ld+json\" class=\"yoast-schema-graph\">{\"@context\":\"https:\/\/schema.org\",\"@graph\":[{\"@type\":\"WebPage\",\"@id\":\"https:\/\/adventureminigolf.si\/sl\/lokacija\/\",\"url\":\"https:\/\/adventureminigolf.si\/sl\/lokacija\/\",\"name\":\"Lokacija - Adventure Mini Golf Panorama\",\"isPartOf\":{\"@id\":\"https:\/\/adventureminigolf.si\/sl\/#website\"},\"datePublished\":\"2022-08-26T13:57:04+00:00\",\"dateModified\":\"2023-02-06T09:58:05+00:00\",\"breadcrumb\":{\"@id\":\"https:\/\/adventureminigolf.si\/sl\/lokacija\/#breadcrumb\"},\"inLanguage\":\"sl-SI\",\"potentialAction\":[{\"@type\":\"ReadAction\",\"target\":[\"https:\/\/adventureminigolf.si\/sl\/lokacija\/\"]}]},{\"@type\":\"BreadcrumbList\",\"@id\":\"https:\/\/adventureminigolf.si\/sl\/lokacija\/#breadcrumb\",\"itemListElement\":[{\"@type\":\"ListItem\",\"position\":1,\"name\":\"Home\",\"item\":\"https:\/\/adventureminigolf.si\/sl\/\"},{\"@type\":\"ListItem\",\"position\":2,\"name\":\"Lokacija\"}]},{\"@type\":\"WebSite\",\"@id\":\"https:\/\/adventureminigolf.si\/sl\/#website\",\"url\":\"https:\/\/adventureminigolf.si\/sl\/\",\"name\":\"Adventure Mini Golf Panorama\",\"description\":\"Izkusi novo do\u017eivetje minigolfa\",\"potentialAction\":[{\"@type\":\"SearchAction\",\"target\":{\"@type\":\"EntryPoint\",\"urlTemplate\":\"https:\/\/adventureminigolf.si\/sl\/?s={search_term_string}\"},\"query-input\":{\"@type\":\"PropertyValueSpecification\",\"valueRequired\":true,\"valueName\":\"search_term_string\"}}],\"inLanguage\":\"sl-SI\"}]}<\/script>\n<!-- \/ Yoast SEO plugin. -->","yoast_head_json":{"title":"Lokacija - Adventure Mini Golf Panorama","robots":{"index":"index","follow":"follow","max-snippet":"max-snippet:-1","max-image-preview":"max-image-preview:large","max-video-preview":"max-video-preview:-1"},"canonical":"https:\/\/adventureminigolf.si\/sl\/lokacija\/","og_locale":"sl_SI","og_type":"article","og_title":"Lokacija - Adventure Mini Golf Panorama","og_url":"https:\/\/adventureminigolf.si\/sl\/lokacija\/","og_site_name":"Adventure Mini Golf Panorama","article_modified_time":"2023-02-06T09:58:05+00:00","twitter_card":"summary_large_image","twitter_misc":{"Est. reading time":"1 minuta"},"schema":{"@context":"https:\/\/schema.org","@graph":[{"@type":"WebPage","@id":"https:\/\/adventureminigolf.si\/sl\/lokacija\/","url":"https:\/\/adventureminigolf.si\/sl\/lokacija\/","name":"Lokacija - Adventure Mini Golf Panorama","isPartOf":{"@id":"https:\/\/adventureminigolf.si\/sl\/#website"},"datePublished":"2022-08-26T13:57:04+00:00","dateModified":"2023-02-06T09:58:05+00:00","breadcrumb":{"@id":"https:\/\/adventureminigolf.si\/sl\/lokacija\/#breadcrumb"},"inLanguage":"sl-SI","potentialAction":[{"@type":"ReadAction","target":["https:\/\/adventureminigolf.si\/sl\/lokacija\/"]}]},{"@type":"BreadcrumbList","@id":"https:\/\/adventureminigolf.si\/sl\/lokacija\/#breadcrumb","itemListElement":[{"@type":"ListItem","position":1,"name":"Home","item":"https:\/\/adventureminigolf.si\/sl\/"},{"@type":"ListItem","position":2,"name":"Lokacija"}]},{"@type":"WebSite","@id":"https:\/\/adventureminigolf.si\/sl\/#website","url":"https:\/\/adventureminigolf.si\/sl\/","name":"Adventure Mini Golf Panorama","description":"Izkusi novo do\u017eivetje minigolfa","potentialAction":[{"@type":"SearchAction","target":{"@type":"EntryPoint","urlTemplate":"https:\/\/adventureminigolf.si\/sl\/?s={search_term_string}"},"query-input":{"@type":"PropertyValueSpecification","valueRequired":true,"valueName":"search_term_string"}}],"inLanguage":"sl-SI"}]}},"_links":{"self":[{"href":"https:\/\/adventureminigolf.si\/sl\/wp-json\/wp\/v2\/pages\/5806","targetHints":{"allow":["GET"]}}],"collection":[{"href":"https:\/\/adventureminigolf.si\/sl\/wp-json\/wp\/v2\/pages"}],"about":[{"href":"https:\/\/adventureminigolf.si\/sl\/wp-json\/wp\/v2\/types\/page"}],"author":[{"embeddable":true,"href":"https:\/\/adventureminigolf.si\/sl\/wp-json\/wp\/v2\/users\/1"}],"replies":[{"embeddable":true,"href":"https:\/\/adventureminigolf.si\/sl\/wp-json\/wp\/v2\/comments?post=5806"}],"version-history":[{"count":20,"href":"https:\/\/adventureminigolf.si\/sl\/wp-json\/wp\/v2\/pages\/5806\/revisions"}],"predecessor-version":[{"id":5955,"href":"https:\/\/adventureminigolf.si\/sl\/wp-json\/wp\/v2\/pages\/5806\/revisions\/5955"}],"wp:attachment":[{"href":"https:\/\/adventureminigolf.si\/sl\/wp-json\/wp\/v2\/media?parent=5806"}],"curies":[{"name":"wp","href":"https:\/\/api.w.org\/{rel}","templated":true}]}}